{"id":34,"date":"2024-10-30T02:46:13","date_gmt":"2024-10-30T02:46:13","guid":{"rendered":"https:\/\/1989tv.taylorswift.com.br\/?page_id=34"},"modified":"2024-10-30T18:11:47","modified_gmt":"2024-10-30T18:11:47","slug":"por-que-taylors-version","status":"publish","type":"page","link":"https:\/\/1989tv.taylorswift.com.br\/?page_id=34","title":{"rendered":"Por que \u201cTaylor&#8217;s Version\u201d?"},"content":{"rendered":"\n<p>Em novembro de 2021, durante uma entrevista para o programa norte-americano Late Night com Seth Meyers, Taylor Swift explicou o uso da express\u00e3o \u201cTaylor&#8217;s Version\u201d em suas m\u00fasicas regravadas:<\/p>\n\n\n\n<blockquote class=\"wp-block-quote is-layout-flow wp-block-quote-is-layout-flow\">\n<p>\u201cBasicamente eu sempre quis ter os direitos da minha pr\u00f3pria m\u00fasica, desde quando eu comecei a fazer a minha m\u00fasica e, provavelmente, voc\u00eas n\u00e3o sabem disso, mas muitos dos seus artistas favoritos n\u00e3o possuem seus trabalhos \u2013 a ind\u00fastria da m\u00fasica \u00e9\u2026 [caretas], sabe? Alguns pontos dela. Mas eu acho que\u2026 houve algo que aconteceu alguns anos atr\u00e1s onde eu deixei bem claro que eu queria poder ter o direito de comprar as minhas m\u00fasicas e essa oportunidade n\u00e3o foi dada a mim, e foi vendida para outra pessoa. Ent\u00e3o eu pensei, \u2018fui eu quem fiz essas m\u00fasicas primeiro, ent\u00e3o eu poderia faz\u00ea-las de novo\u2019. Ent\u00e3o \u00e9 isso que estamos fazendo\u2026 Ent\u00e3o, quando algo possui entre par\u00eanteses \u201cTaylor\u2019s Version\u201d ao lado, significa que \u00e9 meu, o que \u00e9 incr\u00edvel!\u201d<\/p>\n\n\n<div class=\"wp-block-image\">\n<figure class=\"aligncenter size-full is-resized\"><img loading=\"lazy\" decoding=\"async\" width=\"1080\" height=\"540\" src=\"https:\/\/1989tv.taylorswift.com.br\/wp-content\/uploads\/2024\/10\/1989-tv-Doodle.png\" alt=\"\" class=\"wp-image-160\" style=\"width:291px;height:auto\" srcset=\"https:\/\/1989tv.taylorswift.com.br\/wp-content\/uploads\/2024\/10\/1989-tv-Doodle.png 1080w, https:\/\/1989tv.taylorswift.com.br\/wp-content\/uploads\/2024\/10\/1989-tv-Doodle-300x150.png 300w, https:\/\/1989tv.taylorswift.com.br\/wp-content\/uploads\/2024\/10\/1989-tv-Doodle-1024x512.png 1024w, https:\/\/1989tv.taylorswift.com.br\/wp-content\/uploads\/2024\/10\/1989-tv-Doodle-768x384.png 768w\" sizes=\"(max-width: 1080px) 100vw, 1080px\" \/><\/figure><\/div><\/blockquote>\n","protected":false},"excerpt":{"rendered":"<p>Em novembro de 2021, durante uma entrevista para o programa norte-americano Late Night com Seth Meyers, Taylor Swift explicou o uso da express\u00e3o \u201cTaylor&#8217;s Version\u201d em suas m\u00fasicas regravadas:<\/p>\n","protected":false},"author":1,"featured_media":37,"parent":0,"menu_order":0,"comment_status":"closed","ping_status":"closed","template":"","meta":{"footnotes":""},"class_list":["post-34","page","type-page","status-publish","has-post-thumbnail","hentry"],"_links":{"self":[{"href":"https:\/\/1989tv.taylorswift.com.br\/index.php?rest_route=\/wp\/v2\/pages\/34"}],"collection":[{"href":"https:\/\/1989tv.taylorswift.com.br\/index.php?rest_route=\/wp\/v2\/pages"}],"about":[{"href":"https:\/\/1989tv.taylorswift.com.br\/index.php?rest_route=\/wp\/v2\/types\/page"}],"author":[{"embeddable":true,"href":"https:\/\/1989tv.taylorswift.com.br\/index.php?rest_route=\/wp\/v2\/users\/1"}],"replies":[{"embeddable":true,"href":"https:\/\/1989tv.taylorswift.com.br\/index.php?rest_route=%2Fwp%2Fv2%2Fcomments&post=34"}],"version-history":[{"count":2,"href":"https:\/\/1989tv.taylorswift.com.br\/index.php?rest_route=\/wp\/v2\/pages\/34\/revisions"}],"predecessor-version":[{"id":165,"href":"https:\/\/1989tv.taylorswift.com.br\/index.php?rest_route=\/wp\/v2\/pages\/34\/revisions\/165"}],"wp:featuredmedia":[{"embeddable":true,"href":"https:\/\/1989tv.taylorswift.com.br\/index.php?rest_route=\/wp\/v2\/media\/37"}],"wp:attachment":[{"href":"https:\/\/1989tv.taylorswift.com.br\/index.php?rest_route=%2Fwp%2Fv2%2Fmedia&parent=34"}],"curies":[{"name":"wp","href":"https:\/\/api.w.org\/{rel}","templated":true}]}}