{"id":22,"date":"2024-10-30T01:48:08","date_gmt":"2024-10-30T01:48:08","guid":{"rendered":"https:\/\/1989tv.taylorswift.com.br\/?page_id=22"},"modified":"2024-10-30T18:09:15","modified_gmt":"2024-10-30T18:09:15","slug":"anuncio","status":"publish","type":"page","link":"https:\/\/1989tv.taylorswift.com.br\/?page_id=22","title":{"rendered":"An\u00fancio"},"content":{"rendered":"\n<p>Em agosto de 2023, durante um show da &#8216;The Eras Tour&#8217; em Los Angeles, Taylor Swift anunciou o lan\u00e7amento do &#8216;1989 (Taylor&#8217;s Version)&#8217;:<\/p>\n\n\n\n<blockquote class=\"wp-block-quote is-layout-flow wp-block-quote-is-layout-flow\">\n<p>\u201cEnt\u00e3o agora, aqui estamos, na \u00faltima noite da turn\u00ea estadunidense da The Eras em 2023, no oitavo m\u00eas do ano, no nono dia do m\u00eas. Voc\u00eas talvez tenham percebido que temos alguns figurinos novos para esse show, tem uns neg\u00f3cios azuis rolando. E tem algo que eu venho planejando por muito, muito, muito tempo, um tempo ridiculamente e vergonhosamente longo. E eu acho que ao inv\u00e9s de, tipo, dizer essa coisa para voc\u00eas, acho que decidi que apenas vou mostr\u00e1-la.\u201d<\/p>\n\n\n<div class=\"wp-block-image\">\n<figure class=\"aligncenter size-full is-resized\"><img loading=\"lazy\" decoding=\"async\" width=\"1080\" height=\"540\" src=\"https:\/\/1989tv.taylorswift.com.br\/wp-content\/uploads\/2024\/10\/1989-tv-Doodle.png\" alt=\"\" class=\"wp-image-160\" style=\"width:291px;height:auto\" srcset=\"https:\/\/1989tv.taylorswift.com.br\/wp-content\/uploads\/2024\/10\/1989-tv-Doodle.png 1080w, https:\/\/1989tv.taylorswift.com.br\/wp-content\/uploads\/2024\/10\/1989-tv-Doodle-300x150.png 300w, https:\/\/1989tv.taylorswift.com.br\/wp-content\/uploads\/2024\/10\/1989-tv-Doodle-1024x512.png 1024w, https:\/\/1989tv.taylorswift.com.br\/wp-content\/uploads\/2024\/10\/1989-tv-Doodle-768x384.png 768w\" sizes=\"(max-width: 1080px) 100vw, 1080px\" \/><\/figure><\/div><\/blockquote>\n","protected":false},"excerpt":{"rendered":"<p>Em agosto de 2023, durante um show da &#8216;The Eras Tour&#8217; em Los Angeles, Taylor Swift anunciou o lan\u00e7amento do &#8216;1989 (Taylor&#8217;s Version)&#8217;:<\/p>\n","protected":false},"author":1,"featured_media":23,"parent":0,"menu_order":0,"comment_status":"closed","ping_status":"closed","template":"","meta":{"footnotes":""},"class_list":["post-22","page","type-page","status-publish","has-post-thumbnail","hentry"],"_links":{"self":[{"href":"https:\/\/1989tv.taylorswift.com.br\/index.php?rest_route=\/wp\/v2\/pages\/22"}],"collection":[{"href":"https:\/\/1989tv.taylorswift.com.br\/index.php?rest_route=\/wp\/v2\/pages"}],"about":[{"href":"https:\/\/1989tv.taylorswift.com.br\/index.php?rest_route=\/wp\/v2\/types\/page"}],"author":[{"embeddable":true,"href":"https:\/\/1989tv.taylorswift.com.br\/index.php?rest_route=\/wp\/v2\/users\/1"}],"replies":[{"embeddable":true,"href":"https:\/\/1989tv.taylorswift.com.br\/index.php?rest_route=%2Fwp%2Fv2%2Fcomments&post=22"}],"version-history":[{"count":2,"href":"https:\/\/1989tv.taylorswift.com.br\/index.php?rest_route=\/wp\/v2\/pages\/22\/revisions"}],"predecessor-version":[{"id":162,"href":"https:\/\/1989tv.taylorswift.com.br\/index.php?rest_route=\/wp\/v2\/pages\/22\/revisions\/162"}],"wp:featuredmedia":[{"embeddable":true,"href":"https:\/\/1989tv.taylorswift.com.br\/index.php?rest_route=\/wp\/v2\/media\/23"}],"wp:attachment":[{"href":"https:\/\/1989tv.taylorswift.com.br\/index.php?rest_route=%2Fwp%2Fv2%2Fmedia&parent=22"}],"curies":[{"name":"wp","href":"https:\/\/api.w.org\/{rel}","templated":true}]}}