{"id":123,"date":"2024-10-30T15:44:30","date_gmt":"2024-10-30T15:44:30","guid":{"rendered":"https:\/\/1989tv.taylorswift.com.br\/?page_id=123"},"modified":"2024-10-30T18:13:23","modified_gmt":"2024-10-30T18:13:23","slug":"prologo","status":"publish","type":"page","link":"https:\/\/1989tv.taylorswift.com.br\/?page_id=123","title":{"rendered":"Pr\u00f3logo"},"content":{"rendered":"\n<blockquote class=\"wp-block-quote is-layout-flow wp-block-quote-is-layout-flow\">\n<p>\u201cQuando eu tinha 24 anos, eu sentei em um camarim de bastidores em Londres. Animada com a antecipa\u00e7\u00e3o. Minhas cantoras de apoio e meus colegas de banda se juntaram ao meu redor em um c\u00edrculo espalhado. Tesouras apareceram e eu olhava para o espelho enquanto minhas mechas de cabelos longos e cacheados ca\u00edam em montes no ch\u00e3o. L\u00e1 estava eu, vestindo minha camisa xadrez de bot\u00e3o, sorrindo animada enquanto meus colegas de turn\u00ea e amigos aplaudiam meu corte de cabelo. Essa coisa simples que todo mundo faz. Mas eu tinha um segredo. Para mim, era mais do que uma mudan\u00e7a de estilo capilar. Quando eu tinha 24 anos, eu decidi me reinventar completamente.<\/p>\n\n\n\n<p>Como uma pessoa se reinventa, voc\u00eas perguntam. De toda forma que eu conseguia pensar. Musicalmente, geograficamente, antieticamente, de forma comportamental, motivacionalmente\u2026 E eu fiz isso de forma alegre. A curiosidade que eu senti nos primeiros murm\u00farios, enquanto fazia o \u201cRed\u201d tinham se ampliado em um batimento de cora\u00e7\u00e3o incessante em meus ouvidos. Os riscos que tomei quando brinquei com sonoridades pop e maior sensibilidade no Red? Eu queria ir al\u00e9m. O senso de liberdade que senti quando viajava para grandes cidades? Eu queria morar em uma delas. As vozes que come\u00e7aram a me envergonhar de formas novas por namorar como uma jovem mulher? Eu queria silenci\u00e1-las.<\/p>\n\n\n\n<p>Veja s\u00f3 \u2013 nos anos que antecederam isso, eu me tornei o alvo de xingamentos pejorativos \u2013 a intensidade e a implacabilidade que seriam criticadas se tivessem acontecido hoje. As piadas sobre minha quantidade de namorados, a trivializa\u00e7\u00e3o da minha escrita em composi\u00e7\u00e3o como se fosse um ato predat\u00f3rio de uma psicopata louca e gostosa. A m\u00eddia sendo co-autora nessa narrativa. Eu tive que fazer isso parar porque estava realmente come\u00e7ando a me machucar.<\/p>\n\n\n\n<p>Ficou claro para mim que, para mim, n\u00e3o existia algo como \u2018namoro casual\u2019, ou nem mesmo ter um amigo casual que fosse do sexo masculino com quem voc\u00ea platonicamente passatempo. Se eu fosse vista com ele, j\u00e1 era assumido que eu estava dormindo com ele, e ent\u00e3o eu desisti de sair com meninos. Namorar, flertar, ou qualquer coisa que pudesse ser usada contra mim por uma cultura que clamava acreditar em libertar as mulheres, mas consistentemente me tratava com os duros c\u00f3digos morais da era vitoriana.<\/p>\n\n\n\n<p>Sendo otimista, eu presumi que poderia consertar isso se eu simplesmente mudasse meu comportamento. Eu larguei m\u00e3o de namorar e decidi focar apenas em mim mesma, em minha m\u00fasica, meu crescimento, e em minhas amizades femininas. Se eu s\u00f3 sa\u00edsse com minhas amigas mulheres, as pessoas n\u00e3o poderiam fazer sensacionalismo nem poderiam sexualizar isso, certo? Eu aprenderia mais tarde que as pessoas poderiam, e as pessoas fariam isso.<\/p>\n\n\n\n<p>Mas nada disso importou naquela \u00e9poca porque eu tinha um plano e um comportamento t\u00e3o confi\u00e1vel quanto uma cesta cheia de filhotinhos de golden retriever. Eu tinha as chaves do meu pr\u00f3prio apartamento em Nova Iorque e tinha novas melodias explodindo em minha imagina\u00e7\u00e3o. Eu tinha Max Martin e Shellback, que estavam felizes em me ajudar a explorar essa nova paisagem s\u00f4nica com a qual estava apaixonada. Eu tinha um novo amigo chamado Jack Antonoff que tinha feito umas faixas muito legais em seu apartamento. Eu tinha a ideia de que o \u00e1lbum se chamaria 1989, e n\u00f3s far\u00edamos uma grande refer\u00eancia aos sintetizadores dos anos 80 e compor refr\u00f5es hom\u00e9ricos. Eu tinha uma f\u00e9 sublime e inexplic\u00e1vel e eu corri em dire\u00e7\u00e3o a ela. De salto alto e blusa curta.<\/p>\n\n\n\n<p>Havia muita coisa que eu n\u00e3o sabia naquela \u00e9poca. E, olhando para tr\u00e1s, eu vejo como isso foi bom. Aquela \u00e9poca da minha vida foi marcada por uma boa quantidade de ingenuidade, fome por aventura e um senso de liberdade que eu n\u00e3o tinha provado antes. Acontece que esse coquetel de ingenuidade, fome por aventura e liberdade pode te causar uma ressaca braba, metaforicamente falando. Claro que todo mundo tinha algo a dizer, mas eles sempre ter\u00e3o, mesmo. Eu aprendi li\u00e7\u00f5es, paguei alguns pre\u00e7os, e tentei\u2026 n\u00e3o diga isso\u2026 n\u00e3o diga isso\u2026 Me desculpem, mas tenho que dizer: tentei deixar pra l\u00e1 (shake it off).<\/p>\n\n\n\n<p>Eu sempre serei incrivelmente grata por como voc\u00eas amaram e abra\u00e7aram esse \u00e1lbum. Voc\u00eas, que seguiram minhas escolhas criativas em zigue-zague e torceram pelos meus riscos e experimentos. Voc\u00eas, que ouviram a piscadela e o humor em \u2018Blank Space\u2019 e talvez at\u00e9 mesmo tenham sentido empatia pela dor por tr\u00e1s da s\u00e1tira. Voc\u00eas, que viram as sementes da alian\u00e7a e da defesa por igualdade em \u2018Welcome to New York\u2019. Voc\u00eas, que sabiam que, talvez, a garota que se cerca de amizades femininas durante o per\u00edodo adulto est\u00e1 tentando recuperar o tempo perdido com a falta delas na inf\u00e2ncia (sem querer come\u00e7ar um culto de garotas gostosas e tir\u00e2nicas). Voc\u00eas, que viram que eu me reinvento por um milh\u00e3o de raz\u00f5es, e que uma dessas raz\u00f5es \u00e9 para tentar meu melhor para entreter voc\u00eas. Voc\u00eas, que me deram a permiss\u00e3o e a liberdade para mudar.<\/p>\n\n\n\n<p>Eu nasci em 1989. Me reinventei pela primeira vez em 2014, e uma parte de mim foi recuperada em 2023 com o relan\u00e7amento desse \u00e1lbum que tanto amo. Nunca, nem em meus sonhos mais selvagens, eu imaginei a magia que voc\u00eas colocariam em minha vida por tanto tempo.<\/p>\n\n\n\n<p>Esse momento \u00e9 uma reflex\u00e3o das florestas pelas quais andamos e todo o amor entre n\u00f3s ainda brilhando mesmo no mais escuro dos escuros.<\/p>\n\n\n\n<p>Eu apresento a voc\u00eas, com gratid\u00e3o e uma selvagem admira\u00e7\u00e3o, a minha vers\u00e3o do 1989.\u201d<\/p>\n\n\n<div class=\"wp-block-image\">\n<figure class=\"aligncenter size-full is-resized\"><img loading=\"lazy\" decoding=\"async\" width=\"1080\" height=\"540\" src=\"https:\/\/1989tv.taylorswift.com.br\/wp-content\/uploads\/2024\/10\/1989-tv-Doodle.png\" alt=\"\" class=\"wp-image-160\" style=\"width:291px;height:auto\" srcset=\"https:\/\/1989tv.taylorswift.com.br\/wp-content\/uploads\/2024\/10\/1989-tv-Doodle.png 1080w, https:\/\/1989tv.taylorswift.com.br\/wp-content\/uploads\/2024\/10\/1989-tv-Doodle-300x150.png 300w, https:\/\/1989tv.taylorswift.com.br\/wp-content\/uploads\/2024\/10\/1989-tv-Doodle-1024x512.png 1024w, https:\/\/1989tv.taylorswift.com.br\/wp-content\/uploads\/2024\/10\/1989-tv-Doodle-768x384.png 768w\" sizes=\"(max-width: 1080px) 100vw, 1080px\" \/><\/figure><\/div><\/blockquote>\n","protected":false},"excerpt":{"rendered":"","protected":false},"author":1,"featured_media":124,"parent":0,"menu_order":0,"comment_status":"closed","ping_status":"closed","template":"","meta":{"footnotes":""},"class_list":["post-123","page","type-page","status-publish","has-post-thumbnail","hentry"],"_links":{"self":[{"href":"https:\/\/1989tv.taylorswift.com.br\/index.php?rest_route=\/wp\/v2\/pages\/123"}],"collection":[{"href":"https:\/\/1989tv.taylorswift.com.br\/index.php?rest_route=\/wp\/v2\/pages"}],"about":[{"href":"https:\/\/1989tv.taylorswift.com.br\/index.php?rest_route=\/wp\/v2\/types\/page"}],"author":[{"embeddable":true,"href":"https:\/\/1989tv.taylorswift.com.br\/index.php?rest_route=\/wp\/v2\/users\/1"}],"replies":[{"embeddable":true,"href":"https:\/\/1989tv.taylorswift.com.br\/index.php?rest_route=%2Fwp%2Fv2%2Fcomments&post=123"}],"version-history":[{"count":2,"href":"https:\/\/1989tv.taylorswift.com.br\/index.php?rest_route=\/wp\/v2\/pages\/123\/revisions"}],"predecessor-version":[{"id":168,"href":"https:\/\/1989tv.taylorswift.com.br\/index.php?rest_route=\/wp\/v2\/pages\/123\/revisions\/168"}],"wp:featuredmedia":[{"embeddable":true,"href":"https:\/\/1989tv.taylorswift.com.br\/index.php?rest_route=\/wp\/v2\/media\/124"}],"wp:attachment":[{"href":"https:\/\/1989tv.taylorswift.com.br\/index.php?rest_route=%2Fwp%2Fv2%2Fmedia&parent=123"}],"curies":[{"name":"wp","href":"https:\/\/api.w.org\/{rel}","templated":true}]}}