{"id":117,"date":"2024-10-30T15:39:39","date_gmt":"2024-10-30T15:39:39","guid":{"rendered":"https:\/\/1989tv.taylorswift.com.br\/?page_id=117"},"modified":"2024-10-30T18:13:07","modified_gmt":"2024-10-30T18:13:07","slug":"por-que-from-the-vault","status":"publish","type":"page","link":"https:\/\/1989tv.taylorswift.com.br\/?page_id=117","title":{"rendered":"Por que \u201cFrom The Vault\u201d?"},"content":{"rendered":"\n<p>Durante a divulga\u00e7\u00e3o do \u00e1lbum \u201cRed (Taylor&#8217;s Version)\u201d, Taylor Swift comentou sobre a nomenclatura \u201cFrom The Vault\u201d:<\/p>\n\n\n\n<blockquote class=\"wp-block-quote is-layout-flow wp-block-quote-is-layout-flow\">\n<p>\u201cNa minha cabe\u00e7a, eu imagino que \u00e9 um cofre e eu tenho que abri-lo. Essas s\u00e3o as m\u00fasicas que n\u00e3o entraram para o \u00e1lbum, mas eu as guardei para o pr\u00f3ximo \u00e1lbum, s\u00f3 que os pr\u00f3ximos \u00e1lbuns se tornaram totalmente diferentes\u201d.<\/p>\n\n\n<div class=\"wp-block-image\">\n<figure class=\"aligncenter size-full is-resized\"><img loading=\"lazy\" decoding=\"async\" width=\"1080\" height=\"540\" src=\"https:\/\/1989tv.taylorswift.com.br\/wp-content\/uploads\/2024\/10\/1989-tv-Doodle.png\" alt=\"\" class=\"wp-image-160\" style=\"width:291px;height:auto\" srcset=\"https:\/\/1989tv.taylorswift.com.br\/wp-content\/uploads\/2024\/10\/1989-tv-Doodle.png 1080w, https:\/\/1989tv.taylorswift.com.br\/wp-content\/uploads\/2024\/10\/1989-tv-Doodle-300x150.png 300w, https:\/\/1989tv.taylorswift.com.br\/wp-content\/uploads\/2024\/10\/1989-tv-Doodle-1024x512.png 1024w, https:\/\/1989tv.taylorswift.com.br\/wp-content\/uploads\/2024\/10\/1989-tv-Doodle-768x384.png 768w\" sizes=\"(max-width: 1080px) 100vw, 1080px\" \/><\/figure><\/div><\/blockquote>\n","protected":false},"excerpt":{"rendered":"<p>Durante a divulga\u00e7\u00e3o do \u00e1lbum \u201cRed (Taylor&#8217;s Version)\u201d, Taylor Swift comentou sobre a nomenclatura \u201cFrom The Vault\u201d:<\/p>\n","protected":false},"author":1,"featured_media":118,"parent":0,"menu_order":0,"comment_status":"closed","ping_status":"closed","template":"","meta":{"footnotes":""},"class_list":["post-117","page","type-page","status-publish","has-post-thumbnail","hentry"],"_links":{"self":[{"href":"https:\/\/1989tv.taylorswift.com.br\/index.php?rest_route=\/wp\/v2\/pages\/117"}],"collection":[{"href":"https:\/\/1989tv.taylorswift.com.br\/index.php?rest_route=\/wp\/v2\/pages"}],"about":[{"href":"https:\/\/1989tv.taylorswift.com.br\/index.php?rest_route=\/wp\/v2\/types\/page"}],"author":[{"embeddable":true,"href":"https:\/\/1989tv.taylorswift.com.br\/index.php?rest_route=\/wp\/v2\/users\/1"}],"replies":[{"embeddable":true,"href":"https:\/\/1989tv.taylorswift.com.br\/index.php?rest_route=%2Fwp%2Fv2%2Fcomments&post=117"}],"version-history":[{"count":2,"href":"https:\/\/1989tv.taylorswift.com.br\/index.php?rest_route=\/wp\/v2\/pages\/117\/revisions"}],"predecessor-version":[{"id":167,"href":"https:\/\/1989tv.taylorswift.com.br\/index.php?rest_route=\/wp\/v2\/pages\/117\/revisions\/167"}],"wp:featuredmedia":[{"embeddable":true,"href":"https:\/\/1989tv.taylorswift.com.br\/index.php?rest_route=\/wp\/v2\/media\/118"}],"wp:attachment":[{"href":"https:\/\/1989tv.taylorswift.com.br\/index.php?rest_route=%2Fwp%2Fv2%2Fmedia&parent=117"}],"curies":[{"name":"wp","href":"https:\/\/api.w.org\/{rel}","templated":true}]}}